{"id":50,"date":"2015-10-01T20:14:20","date_gmt":"2015-10-01T20:14:20","guid":{"rendered":"http:\/\/104.238.124.227\/~mtyweb\/mtyrewards2015\/?page_id=50"},"modified":"2015-10-03T22:53:46","modified_gmt":"2015-10-03T22:53:46","slug":"the-program","status":"publish","type":"page","link":"https:\/\/information.mtyrewards.ca\/fr\/the-program\/","title":{"rendered":"Avantages MTY"},"content":{"rendered":"<p><\/p>\n<h2>Le saviez-vous?<\/h2>\n<p>Nous faisons de GRANDS changements au programme Avantages\u00a0MTY! Parce que nous savons que nos membres ont un app\u00e9tit pour cumuler des points, le lancement de notre nouveau programme vous r\u00e9compensera avec 10 points pour chaque dollar d\u00e9pens\u00e9 avant taxes, au lieu de 3,6 points; et chacun des 100 points que vous avez cumul\u00e9s avec l&rsquo;ancien programme sera converti \u00e0 160 points.Pr\u00e9sentez votre carte \u00e0 tout de nos emplacements participants et accumuler des points \u00e0 chaque achat, que vous pourrez ensuite utiliser pour payer une partie de votre repas!<\/p>\n<h2>O\u00f9 puis-je obtenir une carte?<\/h2>\n<p>Votre carte gratuite peut \u00eatre trouv\u00e9 \u00e0 l&rsquo;un de nos <a href=\"https:\/\/information.mtyrewards.ca\/fr\/emplacements-participants\/\">restaurants\u00a0participants.<\/a> Si vous ne pouvez pas trouver une carte \u00e0 l&rsquo;un de nos\u00a0restaurants\u00a0participants pr\u00e8s de chez vous, contactez-nous en cliquant <a href=\"https:\/\/information.mtyrewards.ca\/fr\/contactez-nous\/\">ici<\/a>.<\/p>\n<p>Bon app\u00e9tit, \u00ab foodie \u00bb !<\/p>","protected":false},"excerpt":{"rendered":"<p>Le saviez-vous? Nous faisons de GRANDS changements au programme Avantages\u00a0MTY! Parce que nous savons que nos membres ont un app\u00e9tit pour cumuler des points, le lancement de notre nouveau programme vous r\u00e9compensera avec 10 points pour chaque dollar d\u00e9pens\u00e9 avant taxes, au lieu de 3,6 points; et chacun des 100 points que vous avez cumul\u00e9s &hellip; <a href=\"https:\/\/information.mtyrewards.ca\/fr\/the-program\/\" class=\"more-link\">Continuer la lecture de <span class=\"screen-reader-text\">Avantages MTY<\/span><\/a><\/p>\n","protected":false},"author":1,"featured_media":0,"parent":0,"menu_order":0,"comment_status":"closed","ping_status":"closed","template":"","meta":{"footnotes":""},"class_list":["post-50","page","type-page","status-publish","hentry"],"_links":{"self":[{"href":"https:\/\/information.mtyrewards.ca\/fr\/wp-json\/wp\/v2\/pages\/50","targetHints":{"allow":["GET"]}}],"collection":[{"href":"https:\/\/information.mtyrewards.ca\/fr\/wp-json\/wp\/v2\/pages"}],"about":[{"href":"https:\/\/information.mtyrewards.ca\/fr\/wp-json\/wp\/v2\/types\/page"}],"author":[{"embeddable":true,"href":"https:\/\/information.mtyrewards.ca\/fr\/wp-json\/wp\/v2\/users\/1"}],"replies":[{"embeddable":true,"href":"https:\/\/information.mtyrewards.ca\/fr\/wp-json\/wp\/v2\/comments?post=50"}],"version-history":[{"count":0,"href":"https:\/\/information.mtyrewards.ca\/fr\/wp-json\/wp\/v2\/pages\/50\/revisions"}],"wp:attachment":[{"href":"https:\/\/information.mtyrewards.ca\/fr\/wp-json\/wp\/v2\/media?parent=50"}],"curies":[{"name":"wp","href":"https:\/\/api.w.org\/{rel}","templated":true}]}}