{"id":467,"date":"2016-04-20T15:39:44","date_gmt":"2016-04-20T15:39:44","guid":{"rendered":"https:\/\/information.mtyrewards.ca\/?page_id=467"},"modified":"2019-09-24T15:25:23","modified_gmt":"2019-09-24T15:25:23","slug":"benefits","status":"publish","type":"page","link":"https:\/\/information.mtyrewards.ca\/fr\/benefits\/","title":{"rendered":"B\u00c9N\u00c9FICES"},"content":{"rendered":"<p><img loading=\"lazy\" decoding=\"async\" class=\"alignleft wp-image-469 size-thumbnail\" src=\"\/\/information.mtyrewards.ca\/wp-content\/uploads\/2016\/04\/Untitled-1-150x150.jpg\" alt=\"Untitled-1\" width=\"150\" height=\"150\" \/><\/p>\n<h2>(1$ taxes en sus)<\/h2>\n<h2>Breuvages et repas gratuits<\/h2>\n<ul>\n<li><a>Mr Souvlaki<\/a>\n<ul>\n<li>Achetez 7 sandwich et le 8ieme est <strong>GRATUIT<\/strong><\/li>\n<li>Achetez 7 assiettes et le 8ieme est <strong>GRATUIT<\/strong><\/li>\n<li>Achetez 7 salades et la 8ieme est <strong>GRATUIT<\/strong><\/li>\n<\/ul>\n<\/li>\n<\/ul>\n<ul>\n<li><a>Dagwoods<\/a>\n<ul>\n<li>Achetez 5 petits sandwichs, obtenez-en 6e <strong>GRATUITEMENT<\/strong><\/li>\n<li>Achetez 9 grands sandwichs et obtenez-en 10\u00e8me <strong>GRATUITEMENT<\/strong><\/li>\n<\/ul>\n<\/li>\n<\/ul>\n<ul>\n<li><a>Mr Sub<\/a>\n<ul>\n<li>Achetez 9 grands sandwichs et obtenez-en 10\u00e8me <strong>GRATUITEMENT<\/strong><\/li>\n<li>Achetez 9 petits sandwichs, obtenez-en 10\u00e8me <strong>GRATUITEMENT<\/strong><\/li>\n<\/ul>\n<\/li>\n<\/ul>\n<ul>\n<li><a>Tutti Frutti<\/a>\n<ul>\n<li>\u00c0 l&rsquo;achat de 5 repas du menu midi \u00e0 prix r\u00e9gulier, recevez le 6e gratuit. Parmi les choix du menu midi r\u00e9gulier excluant le menu sp\u00e9cial du chef.<\/li>\n<\/ul>\n<\/li>\n<\/ul>\n<ul>\n<li><a>La Cremiere<\/a>\n<ul>\n<li>Gagnez un item gratuit apr\u00e8s:<\/li>\n<li>5 achats et une d\u00e9pense totale de 10 $<\/li>\n<li>5 achats et une d\u00e9pense totale de 15 $<\/li>\n<li>5 achats et une d\u00e9pense totale de 20 $<\/li>\n<li>5 achats et une d\u00e9pense totale de 30 $<\/li>\n<li>5 achats et une d\u00e9pense totale de 40 $<\/li>\n<\/ul>\n<\/li>\n<\/ul>\n<ul>\n<li><a>Caf\u00e9 Depot<\/a>\n<ul>\n<li>apr\u00e8s:<\/li>\n<li>6 achats de caf\u00e9s filtr\u00e9s, obtenez le 7\u00e8me gratuit<\/li>\n<li>6 achats de caf\u00e9s sp\u00e9cialis\u00e9s, obtenez le 7\u00e8me gratuit<\/li>\n<\/ul>\n<\/li>\n<\/ul>\n<ul>\n<li><a>Cultures<\/a>\n<ul>\n<li>apr\u00e8s:<\/li>\n<li>5 achats de caf\u00e9s, obtenez le 6\u00e8me gratuit<\/li>\n<li>6 achats de smoothies, obtenez le 7\u00e8me gratuit<\/li>\n<li>9 achats de bols cultures ou de salades-repas , obtenez le 10\u00e8me gratuit<\/li>\n<li>9 achats de sandwichs gourmets, de wraps ou de pantins , obtenez le 10\u00e8me gratuit<\/li>\n<\/ul>\n<\/li>\n<\/ul>\n<ul>\n<li><a>Muffin Plus<\/a>\n<ul>\n<li>apr\u00e8s:<\/li>\n<li>6 achats de caf\u00e9s filtr\u00e9s, obtenez le 7\u00e8me gratuit<\/li>\n<\/ul>\n<\/li>\n<\/ul>\n<ul>\n<li><a>Thai Express<\/a>\n<ul>\n<li>Gagnez un item gratuit apr\u00e8s:<\/li>\n<li>5 repas, gagnez un rouleau imp\u00e9rial ou une boisson 20 oz<\/li>\n<li>10 repas, gagnez une boisson gratuite et u rouleau imp\u00e9rial<\/li>\n<li>15 repas, gagnez un repas de choix (Repas # 1-8), avec la prot\u00e9ine de votre choix.<\/li>\n<\/ul>\n<\/li>\n<\/ul>\n<ul>\n<li><a>Sushi Shop<\/a>\n<ul>\n<li>Apr\u00e8s:<\/li>\n<li>5 achats et une d\u00e9pense totale de 50 $, gagnez une petite soupe miso<\/li>\n<li>5 achats et une d\u00e9pense totale de 75 $, gagnez une soupe miso ou une salade verte et breuvage<\/li>\n<li>5 achats et une d\u00e9pense totale de 100 $, gagnez des crevettes tempura (3 morceaux)<\/li>\n<li>5 achats et une d\u00e9pense totale de 150 $, gagnez un \u00ab\u00a0Black Mamba\u00a0\u00bb (8 morceaux)<\/li>\n<li>5 achats et une d\u00e9pense totale de 200 $, gagnez un \u00ab\u00a0Dragon Eye\u00a0\u00bb (5 morceaux)<\/li>\n<\/ul>\n<\/li>\n<\/ul>\n<ul>\n<li><a>Valentine<\/a>\n<ul>\n<li>Gagnez un item gratuit apr\u00e8s:<\/li>\n<li>10 achats et une d\u00e9pense totale de 50 $<\/li>\n<li>10 achats et une d\u00e9pense totale de 75 $<\/li>\n<li>10 achats et une d\u00e9pense totale de 100 $<\/li>\n<li>20 achats et une d\u00e9pense totale de 100 $<\/li>\n<li>20 achats et une d\u00e9pense totale de 150 $<\/li>\n<li>20 achats et une d\u00e9pense totale de 200 $<\/li>\n<li>30 achats et une d\u00e9pense totale de 150 $<\/li>\n<li>30 achats et une d\u00e9pense totale de 225 $<\/li>\n<li>30 achats et une d\u00e9pense totale de 300 $<\/li>\n<\/ul>\n<\/li>\n<\/ul>\n<ul>\n<li><a>Sushiman<\/a>\n<ul>\n<li>Apr\u00e8s:<\/li>\n<li>5 achats et une d\u00e9pense totale de 50 $, gagnez une soupe miso v\u00e9g\u00e9<\/li>\n<li>5 achats et une d\u00e9pense totale de 75 $, gagnez une soupe miso veg\u00e9 et breuvage<\/li>\n<li>5 achats et une d\u00e9pense totale de 100 $, gagnez des crevettes tempura (2 morceaux)<\/li>\n<li>5 achats et une d\u00e9pense totale de 150 $, gagnez un \u00ab\u00a0Dragon Eye\u00a0\u00bb (5 morceaux)<\/li>\n<li>5 achats et une d\u00e9pense totale de 200 $, gagnez un \u00ab\u00a0Yama Saumon\u00a0\u00bb (6 morceaux)<\/li>\n<\/ul>\n<\/li>\n<\/ul>\n<ul>\n<li><a>Extreme Pita<\/a>\n<ul>\n<li>Apr\u00e8s:<\/li>\n<li>5 pitas r\u00e9gulier, obtenez le 6\u00e8me gratuit<\/li>\n<li>5 smoothies, obtenez le 6\u00e8me gratuit<\/li>\n<\/ul>\n<\/li>\n<\/ul>\n<ul>\n<li><a>Villa Madina<\/a>\n<ul>\n<li>apr\u00e8s:<\/li>\n<li>9 achats de plats principaux, obtenez le 10\u00e8me gratuit<\/li>\n<li>9 achats de sandwichs ou de combos sandwichs, obtenez le 10\u00e8me gratuit<\/li>\n<\/ul>\n<\/li>\n<\/ul>\n<ul>\n<li><a>Vanellis<\/a>\n<ul>\n<li>apr\u00e8s:<\/li>\n<li>9 achats d\u2019une pointe de pizza, obtenez la 10\u00e8me gratuite<\/li>\n<li>9 achats de plats de p\u00e2tes, obtenez le 10\u00e8me gratuit<\/li>\n<\/ul>\n<\/li>\n<\/ul>\n<ul>\n<li><a>ThaiZone<\/a>\n<ul>\n<li>Apr\u00e8s:<\/li>\n<li>10 repas de format r\u00e9gulier ou de soupe repas, obtenez un repas gratuit!<\/li>\n<\/ul>\n<\/li>\n<\/ul>\n<h2>Comment utiliser votre carte Avantages MTY<\/h2>\n<p>Vous devez d&rsquo;abord <a href=\"https:\/\/mtyrewards.datacandyinfo.com\/login?lang=fr_CA\" target=\"_blank\" rel=\"noopener noreferrer\">enregistrer votre carte en ligne<\/a><br \/>\nEnsuite, pr\u00e9sentez votre carte \u00e0 tout de nos restaurants participants et accumuler des points \u00e0 chaque achat, que vous pourrez ensuite utiliser pour payer une partie de votre repas!<\/p>\n<p><strong>Les articles de repas gratuits gagn\u00e9s dans les succursales participantes sont disponibles pendant 30 jours de la date o\u00f9 ils ont \u00e9t\u00e9 \u00e9mis.<\/strong><\/p>\n<h2>O\u00f9 puis-je obtenir une carte?<\/h2>\n<p>Votre carte gratuite peut \u00eatre trouv\u00e9 \u00e0 l&rsquo;un de nos\u00a0<a href=\"https:\/\/information.mtyrewards.ca\/fr\/participating-locations\/\" target=\"_blank\" rel=\"noopener noreferrer\">restaurants\u00a0participants.<\/a><\/p>\n<h2>Nos restaurants<\/h2>\n<h2><a href=\"http:\/\/www.benetflorentine.com\/\" target=\"_blank\" rel=\"noopener noreferrer\"><img loading=\"lazy\" decoding=\"async\" class=\"alignnone wp-image-699 size-full\" src=\"https:\/\/information.mtyrewards.ca\/wp-content\/uploads\/2016\/04\/ben.png\" alt=\"\" width=\"200\" height=\"100\" \/><\/a><a href=\"https:\/\/www.cafedepot.com\/\" target=\"_blank\" rel=\"noopener noreferrer\"><img loading=\"lazy\" decoding=\"async\" class=\"alignnone wp-image-700 size-full\" src=\"https:\/\/information.mtyrewards.ca\/wp-content\/uploads\/2016\/04\/cafedepot.png\" alt=\"\" width=\"200\" height=\"100\" \/><\/a><a href=\"http:\/\/www.countrystyle.com\" target=\"_blank\" rel=\"noopener noreferrer\"><img loading=\"lazy\" decoding=\"async\" class=\"alignnone wp-image-520 size-full\" src=\"\/\/information.mtyrewards.ca\/wp-content\/uploads\/2016\/04\/countrystyle.png\" alt=\"countrystyle\" width=\"180\" height=\"108\" \/><\/a>\u00a0\u00a0<a href=\"http:\/\/lacremiere.com\/en\/\" target=\"_blank\" rel=\"noopener noreferrer\"><img loading=\"lazy\" decoding=\"async\" class=\"alignnone wp-image-522 size-full\" src=\"\/\/information.mtyrewards.ca\/wp-content\/uploads\/2016\/04\/cremiere-1.png\" alt=\"cremiere\" width=\"180\" height=\"108\" \/><\/a>\u00a0\u00a0<a href=\"http:\/\/cultures-restaurants.com\" target=\"_blank\" rel=\"noopener noreferrer\"><img loading=\"lazy\" decoding=\"async\" class=\"alignnone wp-image-523 size-full\" src=\"\/\/information.mtyrewards.ca\/wp-content\/uploads\/2016\/04\/cultures.png\" alt=\"cultures\" width=\"180\" height=\"108\" \/><\/a>\u00a0\u00a0<a href=\"http:\/\/www.kimchidelight.com\" target=\"_blank\" rel=\"noopener noreferrer\"><img loading=\"lazy\" decoding=\"async\" class=\"alignnone wp-image-524 size-full\" src=\"\/\/information.mtyrewards.ca\/wp-content\/uploads\/2016\/04\/kimchi.png\" alt=\"kimchi\" width=\"180\" height=\"108\" \/><\/a>\u00a0\u00a0<a href=\"http:\/\/koryo.ca\/\" target=\"_blank\" rel=\"noopener noreferrer\"><img loading=\"lazy\" decoding=\"async\" class=\"alignnone wp-image-525 size-full\" src=\"\/\/information.mtyrewards.ca\/wp-content\/uploads\/2016\/04\/koryo.png\" alt=\"koryo\" width=\"180\" height=\"108\" \/><\/a>\u00a0\u00a0<a href=\"http:\/\/koyajapan.com\/en\/home.html\" target=\"_blank\" rel=\"noopener noreferrer\"><img loading=\"lazy\" decoding=\"async\" class=\"alignnone wp-image-526 size-full\" src=\"\/\/information.mtyrewards.ca\/wp-content\/uploads\/2016\/04\/koya.png\" alt=\"koya\" width=\"180\" height=\"108\" \/><\/a>\u00a0\u00a0<a href=\"http:\/\/mrsub.ca\"><img loading=\"lazy\" decoding=\"async\" class=\"alignnone wp-image-527 size-full\" src=\"\/\/information.mtyrewards.ca\/wp-content\/uploads\/2016\/04\/mrsub.png\" alt=\"mrsub\" width=\"180\" height=\"108\" \/><\/a>\u00a0<a href=\"https:\/\/manchuwok.com\/\"><img loading=\"lazy\" decoding=\"async\" class=\"alignnone wp-image-586\" src=\"https:\/\/information.mtyrewards.ca\/wp-content\/uploads\/2016\/04\/manchuwok.png\" alt=\"\" width=\"180\" height=\"90\" \/><\/a>\u00a0\u00a0<img loading=\"lazy\" decoding=\"async\" class=\"alignnone wp-image-528 size-full\" src=\"\/\/information.mtyrewards.ca\/wp-content\/uploads\/2016\/04\/oburger.png\" alt=\"oburger\" width=\"180\" height=\"108\" \/>\u00a0\u00a0<a href=\"http:\/\/www.mrsouvlaki.ca\/en\/home.html\"><img loading=\"lazy\" decoding=\"async\" class=\"alignnone wp-image-529 size-full\" src=\"\/\/information.mtyrewards.ca\/wp-content\/uploads\/2016\/04\/souvlaki.png\" alt=\"souvlaki\" width=\"180\" height=\"108\" \/><\/a>\u00a0<a href=\"http:\/\/www.muffinplus.ca\/\" target=\"_blank\" rel=\"noopener noreferrer\"><img loading=\"lazy\" decoding=\"async\" class=\"alignnone wp-image-702 size-full\" src=\"https:\/\/information.mtyrewards.ca\/wp-content\/uploads\/2016\/04\/muffinplus.png\" alt=\"\" width=\"200\" height=\"100\" \/><\/a>\u00a0<a href=\"http:\/\/sukiyaki-restaurants.com\/en\/about-us.html\" target=\"_blank\" rel=\"noopener noreferrer\"><img loading=\"lazy\" decoding=\"async\" class=\"alignnone wp-image-531 size-full\" src=\"\/\/information.mtyrewards.ca\/wp-content\/uploads\/2016\/04\/sukiyaki.png\" alt=\"sukiyaki\" width=\"180\" height=\"108\" \/><\/a>\u00a0\u00a0\u00a0<a href=\"http:\/\/lesushiman.ca\" target=\"_blank\" rel=\"noopener noreferrer\"><img loading=\"lazy\" decoding=\"async\" class=\"alignnone wp-image-532 size-full\" src=\"\/\/information.mtyrewards.ca\/wp-content\/uploads\/2016\/04\/sushiman-1.png\" alt=\"sushiman\" width=\"180\" height=\"108\" \/><\/a>\u00a0\u00a0<a href=\"http:\/\/www.sushishop.com\" target=\"_blank\" rel=\"noopener noreferrer\"><img loading=\"lazy\" decoding=\"async\" class=\"alignnone wp-image-533 size-full\" src=\"\/\/information.mtyrewards.ca\/wp-content\/uploads\/2016\/04\/sushishop.png\" alt=\"sushishop\" width=\"180\" height=\"108\" \/><\/a><a href=\"https:\/\/sushigoexpress.com\/\" target=\"_blank\" rel=\"noopener noreferrer\"><img loading=\"lazy\" decoding=\"async\" class=\"alignnone wp-image-703 size-full\" src=\"https:\/\/information.mtyrewards.ca\/wp-content\/uploads\/2016\/04\/sushigo.png\" alt=\"\" width=\"200\" height=\"100\" \/><\/a>\u00a0\u00a0<a href=\"http:\/\/www.tacotimecanada.com\" target=\"_blank\" rel=\"noopener noreferrer\"><img loading=\"lazy\" decoding=\"async\" class=\"alignnone wp-image-534 size-full\" src=\"\/\/information.mtyrewards.ca\/wp-content\/uploads\/2016\/04\/tacotime.png\" alt=\"tacotime\" width=\"180\" height=\"108\" \/><\/a>\u00a0\u00a0<a href=\"http:\/\/www.tandori.ca\" target=\"_blank\" rel=\"noopener noreferrer\"><img loading=\"lazy\" decoding=\"async\" class=\"alignnone wp-image-535 size-full\" src=\"\/\/information.mtyrewards.ca\/wp-content\/uploads\/2016\/04\/tandori.png\" alt=\"tandori\" width=\"180\" height=\"108\" \/><\/a>\u00a0\u00a0<a href=\"http:\/\/tcbycanada.com\" target=\"_blank\" rel=\"noopener noreferrer\"><img loading=\"lazy\" decoding=\"async\" class=\"alignnone wp-image-536 size-full\" src=\"\/\/information.mtyrewards.ca\/wp-content\/uploads\/2016\/04\/tcby.png\" alt=\"tcby\" width=\"180\" height=\"108\" \/><\/a>\u00a0\u00a0<a href=\"http:\/\/www.thaiexpress.ca\" target=\"_blank\" rel=\"noopener noreferrer\"><img loading=\"lazy\" decoding=\"async\" class=\"alignnone wp-image-537 size-full\" src=\"\/\/information.mtyrewards.ca\/wp-content\/uploads\/2016\/04\/thaiexpress.png\" alt=\"thaiexpress\" width=\"180\" height=\"108\" \/><\/a>\u00a0\u00a0<a href=\"http:\/\/tikiming.com\/en\/home.html\" target=\"_blank\" rel=\"noopener noreferrer\"><img loading=\"lazy\" decoding=\"async\" class=\"alignnone wp-image-538 size-full\" src=\"\/\/information.mtyrewards.ca\/wp-content\/uploads\/2016\/04\/tikiming.png\" alt=\"tikiming\" width=\"180\" height=\"108\" \/><\/a>\u00a0\u00a0<a href=\"http:\/\/tuttifruttibreakfast.com\" target=\"_blank\" rel=\"noopener noreferrer\"><img loading=\"lazy\" decoding=\"async\" class=\"alignnone wp-image-539 size-full\" src=\"\/\/information.mtyrewards.ca\/wp-content\/uploads\/2016\/04\/tuttifrutti.png\" alt=\"tuttifrutti\" width=\"180\" height=\"108\" \/><\/a>\u00a0\u00a0<a href=\"http:\/\/tostoquickfire.ca\/\" target=\"_blank\" rel=\"noopener noreferrer\"><img loading=\"lazy\" decoding=\"async\" class=\"alignnone wp-image-704 size-full\" src=\"https:\/\/information.mtyrewards.ca\/wp-content\/uploads\/2016\/04\/tosto.png\" alt=\"\" width=\"200\" height=\"100\" \/><\/a><a href=\"http:\/\/valentine.ca\/en\" target=\"_blank\" rel=\"noopener noreferrer\"><img loading=\"lazy\" decoding=\"async\" class=\"alignnone wp-image-540 size-full\" src=\"\/\/information.mtyrewards.ca\/wp-content\/uploads\/2016\/04\/valentine.png\" alt=\"valentine\" width=\"180\" height=\"108\" \/><\/a>\u00a0\u00a0<a href=\"http:\/\/www.vanellisrestaurants.com\" target=\"_blank\" rel=\"noopener noreferrer\"><img loading=\"lazy\" decoding=\"async\" class=\"alignnone wp-image-541 size-full\" src=\"\/\/information.mtyrewards.ca\/wp-content\/uploads\/2016\/04\/vanellis.png\" alt=\"vanellis\" width=\"180\" height=\"108\" \/><\/a>\u00a0\u00a0<a href=\"http:\/\/vieandnam.com\/en\/home.html\" target=\"_blank\" rel=\"noopener noreferrer\"><img loading=\"lazy\" decoding=\"async\" class=\"alignnone wp-image-542 size-full\" src=\"\/\/information.mtyrewards.ca\/wp-content\/uploads\/2016\/04\/vienam.png\" alt=\"vienam\" width=\"180\" height=\"108\" \/><\/a>\u00a0\u00a0<img loading=\"lazy\" decoding=\"async\" class=\"alignnone wp-image-543 size-full\" src=\"\/\/information.mtyrewards.ca\/wp-content\/uploads\/2016\/04\/vieuxduliuth.png\" alt=\"vieuxduliuth\" width=\"180\" height=\"108\" \/>\u00a0\u00a0<a href=\"http:\/\/www.villamadina.com\" target=\"_blank\" rel=\"noopener noreferrer\"><img loading=\"lazy\" decoding=\"async\" class=\"alignnone wp-image-544 size-full\" src=\"\/\/information.mtyrewards.ca\/wp-content\/uploads\/2016\/04\/villamadina.png\" alt=\"villamadina\" width=\"180\" height=\"108\" \/><\/a><a href=\"https:\/\/cafevanhoutte.com\" target=\"_blank\" rel=\"noopener noreferrer\"><img loading=\"lazy\" decoding=\"async\" class=\"alignnone wp-image-705 size-full\" src=\"https:\/\/information.mtyrewards.ca\/wp-content\/uploads\/2016\/04\/vanhoutte.png\" alt=\"\" width=\"200\" height=\"100\" \/><\/a>\u00a0\u00a0<a href=\"http:\/\/extremepita.com\" target=\"_blank\" rel=\"noopener noreferrer\"><img loading=\"lazy\" decoding=\"async\" class=\"alignnone wp-image-599 size-full\" style=\"background: #7fb203;\" src=\"https:\/\/information.mtyrewards.ca\/wp-content\/uploads\/2016\/04\/EP-horizontal-logo.jpg\" width=\"180\" height=\"108\" \/><\/a>\u00a0\u00a0<a href=\"http:\/\/muchoburrito.com\/\" target=\"_blank\" rel=\"noopener noreferrer\"><img loading=\"lazy\" decoding=\"async\" class=\"alignnone wp-image-538 size-full\" src=\"https:\/\/information.mtyrewards.ca\/wp-content\/uploads\/2017\/05\/mucho.png\" alt=\"mucho\" width=\"180\" height=\"108\" \/><\/a>\u00a0<a href=\"http:\/\/thaizone.ca\" target=\"_blank\" rel=\"noopener noreferrer\"><img loading=\"lazy\" decoding=\"async\" class=\"alignnone wp-image-539 size-full\" src=\"https:\/\/information.mtyrewards.ca\/wp-content\/uploads\/2017\/08\/thaizone.png\" alt=\"thaizone\" width=\"180\" height=\"108\" \/><\/a><a href=\"http:\/\/dagwoods.ca\" target=\"_blank\" rel=\"noopener noreferrer\"><img loading=\"lazy\" decoding=\"async\" class=\"alignnone wp-image-539 size-full\" src=\"https:\/\/information.mtyrewards.ca\/wp-content\/uploads\/2018\/07\/dagwoods.png\" width=\"180\" height=\"108\" \/><\/a><a href=\"https:\/\/www.jugojuice.com\/\" target=\"_blank\" rel=\"noopener noreferrer\"><img loading=\"lazy\" decoding=\"async\" class=\"alignnone wp-image-701 size-full\" src=\"https:\/\/information.mtyrewards.ca\/wp-content\/uploads\/2016\/04\/jugojuice-en.png\" alt=\"\" width=\"200\" height=\"100\" \/><\/a><\/h2>\n<p><\/p>","protected":false},"excerpt":{"rendered":"<p>(1$ taxes en sus) Breuvages et repas gratuits Mr Souvlaki Achetez 7 sandwich et le 8ieme est GRATUIT Achetez 7 assiettes et le 8ieme est GRATUIT Achetez 7 salades et la 8ieme est GRATUIT Dagwoods Achetez 5 petits sandwichs, obtenez-en 6e GRATUITEMENT Achetez 9 grands sandwichs et obtenez-en 10\u00e8me GRATUITEMENT Mr Sub Achetez 9 grands &hellip; <a href=\"https:\/\/information.mtyrewards.ca\/fr\/benefits\/\" class=\"more-link\">Continuer la lecture de <span class=\"screen-reader-text\">B\u00c9N\u00c9FICES<\/span><\/a><\/p>\n","protected":false},"author":1,"featured_media":0,"parent":0,"menu_order":0,"comment_status":"closed","ping_status":"closed","template":"pointsnew.php","meta":{"footnotes":""},"class_list":["post-467","page","type-page","status-publish","hentry"],"_links":{"self":[{"href":"https:\/\/information.mtyrewards.ca\/fr\/wp-json\/wp\/v2\/pages\/467","targetHints":{"allow":["GET"]}}],"collection":[{"href":"https:\/\/information.mtyrewards.ca\/fr\/wp-json\/wp\/v2\/pages"}],"about":[{"href":"https:\/\/information.mtyrewards.ca\/fr\/wp-json\/wp\/v2\/types\/page"}],"author":[{"embeddable":true,"href":"https:\/\/information.mtyrewards.ca\/fr\/wp-json\/wp\/v2\/users\/1"}],"replies":[{"embeddable":true,"href":"https:\/\/information.mtyrewards.ca\/fr\/wp-json\/wp\/v2\/comments?post=467"}],"version-history":[{"count":0,"href":"https:\/\/information.mtyrewards.ca\/fr\/wp-json\/wp\/v2\/pages\/467\/revisions"}],"wp:attachment":[{"href":"https:\/\/information.mtyrewards.ca\/fr\/wp-json\/wp\/v2\/media?parent=467"}],"curies":[{"name":"wp","href":"https:\/\/api.w.org\/{rel}","templated":true}]}}