{"id":447,"date":"2016-02-15T21:30:54","date_gmt":"2016-02-15T21:30:54","guid":{"rendered":"https:\/\/information.mtyrewards.ca\/?page_id=447"},"modified":"2019-04-02T18:49:24","modified_gmt":"2019-04-02T18:49:24","slug":"check-your-balance","status":"publish","type":"page","link":"https:\/\/information.mtyrewards.ca\/fr\/check-your-balance\/","title":{"rendered":"V\u00e9rifier votre solde"},"content":{"rendered":"<p><span style=\"color: #ff0000;\"><strong>Si vous \u00eates incapable de voir le code Captcha, s\u2019il vous pla\u00eet recharger la page.<\/strong><\/span><\/br><\/br><span style=\"color: #ff0000;\"><strong>Si vous rencontrez des probl\u00e8mes avec le v\u00e9rificateur de solde ci-dessous<\/strong><\/span>, consulter le lien suivant: <a href=\"https:\/\/mtyrewards.verifiervotresolde.com\/login\" target=\"_blank\">V\u00e9rifier votre solde<\/a><br \/>\n<iframe src=\"https:\/\/mtyrewards.verifiervotresolde.com\/login\" style=\"width: 100%;height: 800px;margin-top:20px;\"><\/iframe><\/p>","protected":false},"excerpt":{"rendered":"<p>Si vous \u00eates incapable de voir le code Captcha, s\u2019il vous pla\u00eet recharger la page.Si vous rencontrez des probl\u00e8mes avec le v\u00e9rificateur de solde ci-dessous, consulter le lien suivant: V\u00e9rifier votre solde<\/p>\n","protected":false},"author":1,"featured_media":0,"parent":0,"menu_order":0,"comment_status":"closed","ping_status":"closed","template":"","meta":{"footnotes":""},"class_list":["post-447","page","type-page","status-publish","hentry"],"_links":{"self":[{"href":"https:\/\/information.mtyrewards.ca\/fr\/wp-json\/wp\/v2\/pages\/447","targetHints":{"allow":["GET"]}}],"collection":[{"href":"https:\/\/information.mtyrewards.ca\/fr\/wp-json\/wp\/v2\/pages"}],"about":[{"href":"https:\/\/information.mtyrewards.ca\/fr\/wp-json\/wp\/v2\/types\/page"}],"author":[{"embeddable":true,"href":"https:\/\/information.mtyrewards.ca\/fr\/wp-json\/wp\/v2\/users\/1"}],"replies":[{"embeddable":true,"href":"https:\/\/information.mtyrewards.ca\/fr\/wp-json\/wp\/v2\/comments?post=447"}],"version-history":[{"count":0,"href":"https:\/\/information.mtyrewards.ca\/fr\/wp-json\/wp\/v2\/pages\/447\/revisions"}],"wp:attachment":[{"href":"https:\/\/information.mtyrewards.ca\/fr\/wp-json\/wp\/v2\/media?parent=447"}],"curies":[{"name":"wp","href":"https:\/\/api.w.org\/{rel}","templated":true}]}}