{"id":33,"date":"2015-10-01T14:08:43","date_gmt":"2015-10-01T14:08:43","guid":{"rendered":"http:\/\/104.238.124.227\/~mtyweb\/mtyrewards2015\/?page_id=33"},"modified":"2020-10-29T21:35:44","modified_gmt":"2020-10-29T21:35:44","slug":"contact-us","status":"publish","type":"page","link":"https:\/\/information.mtyrewards.ca\/fr\/contact-us\/","title":{"rendered":"Contactez-nous"},"content":{"rendered":"<p><\/p>\n<p>\n<div class=\"wpcf7 no-js\" id=\"wpcf7-f366-o2\" lang=\"fr-FR\" dir=\"ltr\" data-wpcf7-id=\"366\">\n<div class=\"screen-reader-response\"><p role=\"status\" aria-live=\"polite\" aria-atomic=\"true\"><\/p> <ul><\/ul><\/div>\n<form action=\"\/fr\/wp-json\/wp\/v2\/pages\/33#wpcf7-f366-o2\" method=\"post\" class=\"wpcf7-form init\" aria-label=\"Formulaire de contact\" enctype=\"multipart\/form-data\" novalidate=\"novalidate\" data-status=\"init\">\n<fieldset class=\"hidden-fields-container\"><input type=\"hidden\" name=\"_wpcf7\" value=\"366\" \/><input type=\"hidden\" name=\"_wpcf7_version\" value=\"6.1.3\" \/><input type=\"hidden\" name=\"_wpcf7_locale\" value=\"fr_FR\" \/><input type=\"hidden\" name=\"_wpcf7_unit_tag\" value=\"wpcf7-f366-o2\" \/><input type=\"hidden\" name=\"_wpcf7_container_post\" value=\"0\" \/><input type=\"hidden\" name=\"_wpcf7_posted_data_hash\" value=\"\" \/>\n<\/fieldset>\n<p><strong>Avantages MTY<\/strong><br \/>\n8150, Autoroute Transcanadienne, bureau 200<br \/>\nSaint-Laurent (Qu\u00e9bec) H4S 1M5<br \/>\nT\u00e9l\u00e9phone: 1.888.289.9832\n<\/p>\n<p><label><strong>Pr\u00e9nom et nom <span style=\"color: #ff0000;\">*<\/span><\/strong><\/label><br \/>\n<span class=\"wpcf7-form-control-wrap\" data-name=\"your-name\"><input size=\"40\" maxlength=\"400\" class=\"wpcf7-form-control wpcf7-text wpcf7-validates-as-required\" aria-required=\"true\" aria-invalid=\"false\" value=\"\" type=\"text\" name=\"your-name\" \/><\/span>\n<\/p>\n<p><label><strong>Adresse courriel <span style=\"color: #ff0000;\">*<\/span><\/strong><\/label><br \/>\n<span class=\"wpcf7-form-control-wrap\" data-name=\"email\"><input size=\"40\" maxlength=\"400\" class=\"wpcf7-form-control wpcf7-email wpcf7-validates-as-required wpcf7-text wpcf7-validates-as-email mdrequired\" aria-required=\"true\" aria-invalid=\"false\" placeholder=\"exemple@courriel.ca\" value=\"\" type=\"email\" name=\"email\" \/><\/span>\n<\/p>\n<p><label><strong>Num\u00e9ro de t\u00e9l\u00e9phone <span style=\"color: #ff0000;\">*<\/span><\/strong><\/label><br \/>\n<span class=\"wpcf7-form-control-wrap\" data-name=\"your-phone\"><input size=\"40\" maxlength=\"400\" class=\"wpcf7-form-control wpcf7-tel wpcf7-validates-as-required wpcf7-text wpcf7-validates-as-tel mdrequired\" aria-required=\"true\" aria-invalid=\"false\" placeholder=\"(555) 555-5555\" value=\"\" type=\"tel\" name=\"your-phone\" \/><\/span>\n<\/p>\n<p><label><strong>Veuillez s\u00e9lectionner une des options suivantes. <span style=\"color: #ff0000;\">*<\/span><\/strong><\/label><br \/>\n<span class=\"wpcf7-form-control-wrap\" data-name=\"type\"><select class=\"wpcf7-form-control wpcf7-select\" aria-invalid=\"false\" name=\"type\"><option value=\"Questions d&#039;ordre g\u00e9n\u00e9ral\">Questions d&#039;ordre g\u00e9n\u00e9ral<\/option><option value=\"Ma carte ne fonctionne pas\">Ma carte ne fonctionne pas<\/option><option value=\"J&#039;ai perdu ma carte\">J&#039;ai perdu ma carte<\/option><option value=\"J&#039;aimerai transf\u00e9rer mes points sur une autre carte\">J&#039;aimerai transf\u00e9rer mes points sur une autre carte<\/option><option value=\"J&#039;aimerai ajouter une transaction sur mon compte\">J&#039;aimerai ajouter une transaction sur mon compte<\/option><option value=\"Un restaurant n&#039;accepte pas ma carte\">Un restaurant n&#039;accepte pas ma carte<\/option><option value=\"Suggestions\">Suggestions<\/option><\/select><\/span>\n<\/p>\n<p><label><strong>Veuillez s\u00e9lectionner une des deux cartes suivantes <span style=\"color: #ff0000;\">*<\/span><\/strong><\/label><br \/>\n<span class=\"wpcf7-form-control-wrap\" data-name=\"card-select\"><span class=\"wpcf7-form-control wpcf7-radio\"><span class=\"wpcf7-list-item first\"><label><input type=\"radio\" name=\"card-select\" value=\"Carte Avantages MTY\" \/><span class=\"wpcf7-list-item-label\">Carte Avantages MTY<\/span><\/label><\/span><span class=\"wpcf7-list-item\"><label><input type=\"radio\" name=\"card-select\" value=\"Carte Cadeau\" \/><span class=\"wpcf7-list-item-label\">Carte Cadeau<\/span><\/label><\/span><span class=\"wpcf7-list-item last\"><label><input type=\"radio\" name=\"card-select\" value=\"BonApp\" \/><span class=\"wpcf7-list-item-label\">BonApp<\/span><\/label><\/span><\/span><\/span>\n<\/p>\n<div class=\"needed\">\n\t<p><label><strong>Si vous avez d\u00e9j\u00e0 une carte, s'il vous pla\u00eet fournir le num\u00e9ro de la carte.<\/strong><\/label><br \/>\n<span class=\"wpcf7-form-control-wrap\" data-name=\"card-number\"><input size=\"40\" maxlength=\"400\" class=\"wpcf7-form-control wpcf7-text\" aria-invalid=\"false\" value=\"\" type=\"text\" name=\"card-number\" \/><\/span><br \/>\n<script>\n$(\"input[name=card-number]\").attr(\"maxlength\", \"19\");\n$(\"input[name=card-number]\").attr(\"inputmode\", \"numeric\");\n$(\"input[name=card-number]\").keyup(function() {\n $(\"input[name=card-number]\").val(this.value.match(\/[0-9]*\/));\n});\n<\/script>\n\t<\/p>\n<\/div>\n<div class=\"tohide addtrans\">\n\t<p><label><strong>T\u00e9l\u00e9charger une photo de votre re\u00e7u (jpg, png, pdf) <span style=\"color: #ff0000;\">*<\/span><\/strong><\/label><br \/>\n<span class=\"wpcf7-form-control-wrap\" data-name=\"file-upload\"><input size=\"40\" class=\"wpcf7-form-control wpcf7-file mdrequired\" accept=\".jpg,.png,.jpeg,.pdf,.zip\" aria-invalid=\"false\" type=\"file\" name=\"file-upload\" \/><\/span>\n\t<\/p>\n<\/div>\n<div class=\"tohide notacc\">\n\t<p><label><strong>T\u00e9l\u00e9charger une photo de votre re\u00e7u (jpg, png, pdf)<\/strong><\/label><br \/>\n<span class=\"wpcf7-form-control-wrap\" data-name=\"file-upload\"><input size=\"40\" class=\"wpcf7-form-control wpcf7-file\" accept=\".jpg,.png,.jpeg,.pdf,.zip\" aria-invalid=\"false\" type=\"file\" name=\"file-upload\" \/><\/span><br \/>\n<label><strong>T\u00e9l\u00e9charger une autre photo de votre re\u00e7u (jpg, png, pdf)<\/strong><\/label><br \/>\n<span class=\"wpcf7-form-control-wrap\" data-name=\"file-upload2\"><input size=\"40\" class=\"wpcf7-form-control wpcf7-file\" accept=\".jpg,.png,.jpeg,.pdf,.zip\" aria-invalid=\"false\" type=\"file\" name=\"file-upload2\" \/><\/span><br \/>\n<label><strong>T\u00e9l\u00e9charger une autre photo de votre re\u00e7u (jpg, png, pdf)<\/strong><\/label><br \/>\n<span class=\"wpcf7-form-control-wrap\" data-name=\"file-upload3\"><input size=\"40\" class=\"wpcf7-form-control wpcf7-file\" accept=\".jpg,.png,.jpeg,.pdf,.zip\" aria-invalid=\"false\" type=\"file\" name=\"file-upload3\" \/><\/span><br \/>\n<label><strong>T\u00e9l\u00e9charger une autre photo de votre re\u00e7u (jpg, png, pdf)<\/strong><\/label><br \/>\n<span class=\"wpcf7-form-control-wrap\" data-name=\"file-upload4\"><input size=\"40\" class=\"wpcf7-form-control wpcf7-file\" accept=\".jpg,.png,.jpeg,.pdf,.zip\" aria-invalid=\"false\" type=\"file\" name=\"file-upload4\" \/><\/span><br \/>\n<label><strong>T\u00e9l\u00e9charger une autre photo de votre re\u00e7u (jpg, png, pdf)<\/strong><\/label><br \/>\n<span class=\"wpcf7-form-control-wrap\" data-name=\"file-upload5\"><input size=\"40\" class=\"wpcf7-form-control wpcf7-file\" accept=\".jpg,.png,.jpeg,.pdf,.zip\" aria-invalid=\"false\" type=\"file\" name=\"file-upload5\" \/><\/span>\n\t<\/p>\n<\/div>\n<div class=\"tohide transp\">\n\t<p><label><strong style=\"color:#F00;\">S'il vous pla\u00eet fournir le num\u00e9ro de la nouvelle carte.<\/strong><\/label><br \/>\n<span class=\"wpcf7-form-control-wrap\" data-name=\"card-number2\"><input size=\"40\" maxlength=\"400\" class=\"wpcf7-form-control wpcf7-text\" aria-invalid=\"false\" value=\"\" type=\"text\" name=\"card-number2\" \/><\/span><br \/>\n<script>\n$(\"input[name=card-number2]\").attr(\"maxlength\", \"19\");\n$(\"input[name=card-number2]\").attr(\"inputmode\", \"numeric\");\n$(\"input[name=card-number2]\").keyup(function() {\n $(\"input[name=card-number2]\").val(this.value.match(\/[0-9]*\/));\n});\n<\/script>\n\t<\/p>\n<\/div>\n<div class=\"tohide lostc\">\n\t<p><label><strong style=\"color:#F00;\">Transf\u00e9rer mes points sur une nouvelle carte (ins\u00e9rer le num\u00e9ro de carte)<\/strong><\/label><br \/>\n<span class=\"wpcf7-form-control-wrap\" data-name=\"card-number3\"><input size=\"40\" maxlength=\"400\" class=\"wpcf7-form-control wpcf7-text\" aria-invalid=\"false\" value=\"\" type=\"text\" name=\"card-number3\" \/><\/span><br \/>\n<script>\n$(\"input[name=card-number3]\").attr(\"maxlength\", \"19\");\n$(\"input[name=card-number3]\").attr(\"inputmode\", \"numeric\");\n$(\"input[name=card-number3]\").keyup(function() {\n $(\"input[name=card-number3]\").val(this.value.match(\/[0-9]*\/));\n});\n<\/script>\n\t<\/p>\n<\/div>\n<div class=\"tohide notwork\">\n\t<p><label><strong>Transf\u00e9rer mes points sur une nouvelle carte (ins\u00e9rer le num\u00e9ro de carte)<\/strong><\/label><br \/>\n<span class=\"wpcf7-form-control-wrap\" data-name=\"card-number3\"><input size=\"40\" maxlength=\"400\" class=\"wpcf7-form-control wpcf7-text\" aria-invalid=\"false\" value=\"\" type=\"text\" name=\"card-number3\" \/><\/span><br \/>\n<script>\n$(\"input[name=card-number3]\").attr(\"maxlength\", \"19\");\n$(\"input[name=card-number3]\").attr(\"inputmode\", \"numeric\");\n$(\"input[name=card-number3]\").keyup(function() {\n $(\"input[name=card-number3]\").val(this.value.match(\/[0-9]*\/));\n});\n<\/script>\n\t<\/p>\n<\/div>\n<p><label><strong>Merci de laissez vos questions et commentaires ci-dessous. Si un restaurant n\u2019accepte pas votre carte, s'il vous pla\u00eet pr\u00e9ciser son emplacement. <span style=\"color: #ff0000;\">*<\/span><\/strong><\/label><br \/>\n<span class=\"wpcf7-form-control-wrap\" data-name=\"message\"><textarea cols=\"40\" rows=\"10\" maxlength=\"2000\" class=\"wpcf7-form-control wpcf7-textarea wpcf7-validates-as-required mdrequired\" aria-required=\"true\" aria-invalid=\"false\" name=\"message\"><\/textarea><\/span>\n<\/p>\n<h3><strong><span style=\"color: #ff0000;\">*<\/span><\/strong> Champs obligatoire\n<\/h3>\n<p>En remplissant ce formulaire, vous acceptez que vos renseignements personnels soient recueillis et conserv\u00e9s par MTY Rewards, ce qui permettra \u00e0 MTY Rewards de vous contacter par t\u00e9l\u00e9phone, par message texte et\/ou par courriel.<br \/>\nVous avez le droit d'acc\u00e9der \u00e0 vos renseignements personnels ou de corriger toute inexactitude, le cas \u00e9ch\u00e9ant.<br \/>\nAvant de soumettre votre formulaire, nous vous demandons de lire et d'accepter les termes de la politique de confidentialit\u00e9 de MTY Rewards, <a href=\"https:\/\/mtygroup.com\/politique-de-confidentialite\/\" target=\"_blank\" rel=\"nofollow noopener noreferrer\">ici<\/a>.\n<\/p>\n<p><span class=\"wpcf7-form-control-wrap\" data-name=\"checkbox-167\"><span class=\"wpcf7-form-control wpcf7-checkbox wpcf7-validates-as-required\"><span class=\"wpcf7-list-item first last\"><input type=\"checkbox\" name=\"checkbox-167[]\" value=\"Yes, I have read and agree with the terms of MTY Rewards\u2019s privacy policy and I agree to be contacted by MTY Rewards\u2019s management team.\" \/><span class=\"wpcf7-list-item-label\">Yes, I have read and agree with the terms of MTY Rewards\u2019s privacy policy and I agree to be contacted by MTY Rewards\u2019s management team.<\/span><\/span><\/span><\/span><label><span style=\"color: #ff0000;\">*<\/span><br \/>\n<div id=\"cf7sr-69e78178b0a2a\" class=\"cf7sr-g-recaptcha\" data-theme=\"light\" data-type=\"image\" data-size=\"normal\" data-sitekey=\"6LeXs7MoAAAAAD5v159qjk0Q3TfaNZRIwlc2tXsS\"><\/div><span class=\"wpcf7-form-control-wrap cf7sr-recaptcha\" data-name=\"cf7sr-recaptcha\"><input type=\"hidden\" name=\"cf7sr-recaptcha\" value=\"\" class=\"wpcf7-form-control\"><\/span><br \/>\n<\/label>\n<\/p>\n<p><input class=\"wpcf7-form-control wpcf7-submit has-spinner\" type=\"submit\" value=\"Soumettre\" \/>\n<\/p>\n<div class=\"tohide lostc popup\">\n\t<h2>Perdu votre carte?\n\t<\/h2>\n\t<p>Vous pouvez obtenir une carte \u00e0 l'un de nos restaurants participants.<br \/>\nAimeriez-vous voir la liste d'emplacements?\n\t<\/p>\n\t<p><a href=\"#\" onclick=\"closepopup()\"><button>Non<\/button><\/a><a href=\"..\/participating-locations\/\" target=\"_blank\"><button>Oui!<\/button><\/a><br \/>\n<script>\n$(\".popup\").css(\"left\", ($(document).width()\/2) - ($(\".popup\").width()\/2));\n$(\".popup\").css(\"top\", ($(window).height()\/2) - ($(\".popup\").height()\/2));\n$(window).resize(function(){\n$(\".popup\").css(\"left\", ($(document).width()\/2) - ($(\".popup\").width()\/2));\n$(\".popup\").css(\"top\", ($(window).height()\/2) - ($(\".popup\").height()\/2));\n});\n<\/script>\n\t<\/p>\n<\/div>\n<p><script>\n$(\"input[name=your-phone]\").attr(\"inputmode\", \"numeric\");\n\/*$('input[name=your-phone]').mask('(999) 999-9999?');*\/\n $(\".mdrequired\").attr(\"required\", \"true\");\n$(\"select[name=type]\").attr(\"onchange\", \"javascript:handleSelect(this)\");\n var todisplay = \"\";\n var msections = {\n genque:$(\".genque\"),\n notwork:$(\".notwork\"),\n lostc:$(\".lostc\"),\n wantc:$(\".wantc\"),\n transp:$(\".transp\"),\n addtrans:$(\".addtrans\"),\n notacc:$(\".notacc\"),\n suggest:$(\".suggest\")\n };\n $(\".tohide\").remove();\n function handleSelect(elm) {\n switch(elm.value){\n case \"Questions d'ordre g\u00e9n\u00e9ral\":\n todisplay = \"genque\";\n break;\n case \"Ma carte ne fonctionne pas\":\n todisplay = \"notwork\";\n break;\n case \"J'ai perdu ma carte\":\n if($(\".tohide\")){\n $(\".tohide\").remove();\n }\n todisplay = \"lostc\";\n $(\".needed\").after(msections[todisplay]);\n $(\".wpcf7-form\").after($(\".popup\"));\n return;\n break;\n case \"J'aimerai transf\u00e9rer mes points sur une autre carte\":\n todisplay = \"transp\";\n break;\n case \"J'aimerai ajouter une transaction sur mon compte\":\n todisplay = \"addtrans\";\n break;\n case \"Un restaurant n'accepte pas ma carte\":\n todisplay = \"notacc\";\n break;\n case \"Suggestions\":\n todisplay = \"suggest\";\n break;\n }\n if($(\".tohide\")){\n $(\".tohide\").remove();\n }\n $(\".needed\").after(msections[todisplay]);\n }\nfunction closepopup(){\n $(\".popup\").remove();\n }\n <\/script>\n<\/p><div class=\"wpcf7-response-output\" aria-hidden=\"true\"><\/div>\n<\/form>\n<\/div>\n<\/p>","protected":false},"excerpt":{"rendered":"","protected":false},"author":1,"featured_media":0,"parent":0,"menu_order":0,"comment_status":"closed","ping_status":"closed","template":"","meta":{"footnotes":""},"class_list":["post-33","page","type-page","status-publish","hentry"],"_links":{"self":[{"href":"https:\/\/information.mtyrewards.ca\/fr\/wp-json\/wp\/v2\/pages\/33","targetHints":{"allow":["GET"]}}],"collection":[{"href":"https:\/\/information.mtyrewards.ca\/fr\/wp-json\/wp\/v2\/pages"}],"about":[{"href":"https:\/\/information.mtyrewards.ca\/fr\/wp-json\/wp\/v2\/types\/page"}],"author":[{"embeddable":true,"href":"https:\/\/information.mtyrewards.ca\/fr\/wp-json\/wp\/v2\/users\/1"}],"replies":[{"embeddable":true,"href":"https:\/\/information.mtyrewards.ca\/fr\/wp-json\/wp\/v2\/comments?post=33"}],"version-history":[{"count":0,"href":"https:\/\/information.mtyrewards.ca\/fr\/wp-json\/wp\/v2\/pages\/33\/revisions"}],"wp:attachment":[{"href":"https:\/\/information.mtyrewards.ca\/fr\/wp-json\/wp\/v2\/media?parent=33"}],"curies":[{"name":"wp","href":"https:\/\/api.w.org\/{rel}","templated":true}]}}